{"id":72,"date":"2012-02-23T01:19:19","date_gmt":"2012-02-23T00:19:19","guid":{"rendered":"http:\/\/hdir-4.hdir.hr\/?page_id=72"},"modified":"2018-10-31T15:36:51","modified_gmt":"2018-10-31T14:36:51","slug":"sponsors","status":"publish","type":"page","link":"https:\/\/hdir-5.hdir.hr\/?page_id=72","title":{"rendered":"Sponsors"},"content":{"rendered":"<h3 style=\"text-align: justify;\"><span style=\"color: #000000;\">The Conference is being held under the auspices of the President of the Republic of Croatia Kolinda Grabar-Kitarovi\u0107.<br \/>\n<\/span><\/h3>\n<p><a href=\"http:\/\/predsjednica.hr\/naslovnica\/en\" target=\"_blank\" rel=\"noopener\"><img loading=\"lazy\" decoding=\"async\" class=\"aligncenter wp-image-364\" title=\"President of the Republic of Croatia\" src=\"http:\/\/hdir-5.hdir.hr\/wp-content\/uploads\/2014\/06\/Presidential_Flag_of_Croatia-Small-150x150.jpg\" width=\"200\" height=\"200\" srcset=\"https:\/\/hdir-5.hdir.hr\/wp-content\/uploads\/2014\/06\/Presidential_Flag_of_Croatia-Small-150x150.jpg 150w, https:\/\/hdir-5.hdir.hr\/wp-content\/uploads\/2014\/06\/Presidential_Flag_of_Croatia-Small-300x300.jpg 300w, https:\/\/hdir-5.hdir.hr\/wp-content\/uploads\/2014\/06\/Presidential_Flag_of_Croatia-Small.jpg 480w\" sizes=\"auto, (max-width: 200px) 100vw, 200px\" \/><\/a><\/p>\n<h3><span style=\"color: #000000;\">HDIR wishes to thank our sponsors:<\/span><\/h3>\n<p><a href=\"http:\/\/www.eacr.org\/\" target=\"_blank\" rel=\"noopener\"><img loading=\"lazy\" decoding=\"async\" class=\"aligncenter wp-image-777\" title=\"European Association for Cancer Research\" src=\"http:\/\/hdir-5.hdir.hr\/wp-content\/uploads\/2018\/09\/EACR_logo-300x62.png\" alt=\"\" width=\"420\" height=\"87\" srcset=\"https:\/\/hdir-5.hdir.hr\/wp-content\/uploads\/2018\/09\/EACR_logo-300x62.png 300w, https:\/\/hdir-5.hdir.hr\/wp-content\/uploads\/2018\/09\/EACR_logo.png 553w\" sizes=\"auto, (max-width: 420px) 100vw, 420px\" \/><\/a><a href=\"https:\/\/mzo.hr\/en\" target=\"_blank\" rel=\"noopener\"><img loading=\"lazy\" decoding=\"async\" class=\"aligncenter wp-image-775\" title=\"Ministry of Science and Education\" src=\"http:\/\/hdir-5.hdir.hr\/wp-content\/uploads\/2018\/09\/mzo-300x66.png\" alt=\"\" width=\"399\" height=\"88\" srcset=\"https:\/\/hdir-5.hdir.hr\/wp-content\/uploads\/2018\/09\/mzo-300x66.png 300w, https:\/\/hdir-5.hdir.hr\/wp-content\/uploads\/2018\/09\/mzo.png 530w\" sizes=\"auto, (max-width: 399px) 100vw, 399px\" \/><\/a><a href=\"https:\/\/zagreb.hr\/welcome\/1979\"><img loading=\"lazy\" decoding=\"async\" class=\"aligncenter wp-image-792 size-full\" title=\"City of Zagreb\" src=\"http:\/\/hdir-5.hdir.hr\/wp-content\/uploads\/2018\/09\/Zg.png\" alt=\"\" width=\"400\" height=\"151\" srcset=\"https:\/\/hdir-5.hdir.hr\/wp-content\/uploads\/2018\/09\/Zg.png 400w, https:\/\/hdir-5.hdir.hr\/wp-content\/uploads\/2018\/09\/Zg-300x113.png 300w\" sizes=\"auto, (max-width: 400px) 100vw, 400px\" \/><\/a><a href=\"http:\/\/alphachrom.hr\/\" target=\"_blank\" rel=\"noopener\"><img loading=\"lazy\" decoding=\"async\" class=\"aligncenter wp-image-790\" title=\"AlphaChrom\" src=\"http:\/\/hdir-5.hdir.hr\/wp-content\/uploads\/2018\/09\/Alphachrom_logo-300x42.png\" alt=\"\" width=\"398\" height=\"56\" srcset=\"https:\/\/hdir-5.hdir.hr\/wp-content\/uploads\/2018\/09\/Alphachrom_logo-300x42.png 300w, https:\/\/hdir-5.hdir.hr\/wp-content\/uploads\/2018\/09\/Alphachrom_logo.png 327w\" sizes=\"auto, (max-width: 398px) 100vw, 398px\" \/><\/a><a href=\"https:\/\/www.astrazeneca.hr\/\" target=\"_blank\" rel=\"noopener\"><img loading=\"lazy\" decoding=\"async\" class=\"aligncenter wp-image-622\" title=\"AstraZeneca\" src=\"http:\/\/hdir-5.hdir.hr\/wp-content\/uploads\/2016\/06\/AZ-300x73.jpg\" alt=\"\" width=\"401\" height=\"97\" srcset=\"https:\/\/hdir-5.hdir.hr\/wp-content\/uploads\/2016\/06\/AZ-300x73.jpg 300w, https:\/\/hdir-5.hdir.hr\/wp-content\/uploads\/2016\/06\/AZ-768x186.jpg 768w, https:\/\/hdir-5.hdir.hr\/wp-content\/uploads\/2016\/06\/AZ-1024x248.jpg 1024w, https:\/\/hdir-5.hdir.hr\/wp-content\/uploads\/2016\/06\/AZ.jpg 1181w\" sizes=\"auto, (max-width: 401px) 100vw, 401px\" \/><\/a><\/p>\n<p><a href=\"http:\/\/biosistemigrupa.com\/\" target=\"_blank\" rel=\"noopener\"><img loading=\"lazy\" decoding=\"async\" class=\"aligncenter wp-image-223\" title=\"Biosistemi\" src=\"http:\/\/hdir-5.hdir.hr\/wp-content\/uploads\/2012\/02\/biosistemi-e1402558934136-300x78.jpg\" alt=\"\" width=\"400\" height=\"104\" srcset=\"https:\/\/hdir-5.hdir.hr\/wp-content\/uploads\/2012\/02\/biosistemi-e1402558934136-300x78.jpg 300w, https:\/\/hdir-5.hdir.hr\/wp-content\/uploads\/2012\/02\/biosistemi-e1402558934136.jpg 341w\" sizes=\"auto, (max-width: 400px) 100vw, 400px\" \/><\/a><\/p>\n<p><a href=\"http:\/\/www.biovit.hr\/\" target=\"_blank\" rel=\"noopener\"><img loading=\"lazy\" decoding=\"async\" class=\"aligncenter wp-image-477\" title=\"BIOVIT\" src=\"http:\/\/hdir-3.hdir.hr\/wp-content\/uploads\/2014\/10\/Biovit-300x66.jpg\" alt=\"BIOVIT\" width=\"400\" height=\"95\" \/><\/a><\/p>\n<p><a href=\"http:\/\/skalpeli.hr\/\" target=\"_blank\" rel=\"noopener\"><img loading=\"lazy\" decoding=\"async\" class=\"aligncenter wp-image-373\" title=\"Diagnostica Skalpeli\" src=\"http:\/\/hdir-5.hdir.hr\/wp-content\/uploads\/2014\/06\/D.skalpeli-300x102.jpg\" alt=\"\" width=\"401\" height=\"137\" srcset=\"https:\/\/hdir-5.hdir.hr\/wp-content\/uploads\/2014\/06\/D.skalpeli-300x102.jpg 300w, https:\/\/hdir-5.hdir.hr\/wp-content\/uploads\/2014\/06\/D.skalpeli.jpg 702w\" sizes=\"auto, (max-width: 401px) 100vw, 401px\" \/><\/a><a href=\"https:\/\/fidelta.eu\/\" target=\"_blank\" rel=\"noopener\"><img loading=\"lazy\" decoding=\"async\" class=\"aligncenter wp-image-794\" title=\"Fidelta Ltd Croatia\" src=\"http:\/\/hdir-5.hdir.hr\/wp-content\/uploads\/2018\/09\/Fidelta-1-300x136.png\" alt=\"\" width=\"400\" height=\"181\" srcset=\"https:\/\/hdir-5.hdir.hr\/wp-content\/uploads\/2018\/09\/Fidelta-1-300x136.png 300w, https:\/\/hdir-5.hdir.hr\/wp-content\/uploads\/2018\/09\/Fidelta-1.png 600w\" sizes=\"auto, (max-width: 400px) 100vw, 400px\" \/><\/a><a href=\"http:\/\/www.gorea-plus.hr\/\" target=\"_blank\" rel=\"noopener\"><img loading=\"lazy\" decoding=\"async\" class=\"aligncenter wp-image-588\" title=\"Gorea Plus\" src=\"http:\/\/hdir-5.hdir.hr\/wp-content\/uploads\/2016\/04\/Gorea.jpg\" width=\"400\" height=\"105\" srcset=\"https:\/\/hdir-5.hdir.hr\/wp-content\/uploads\/2016\/04\/Gorea.jpg 1170w, https:\/\/hdir-5.hdir.hr\/wp-content\/uploads\/2016\/04\/Gorea-300x79.jpg 300w, https:\/\/hdir-5.hdir.hr\/wp-content\/uploads\/2016\/04\/Gorea-768x202.jpg 768w, https:\/\/hdir-5.hdir.hr\/wp-content\/uploads\/2016\/04\/Gorea-1024x269.jpg 1024w\" sizes=\"auto, (max-width: 400px) 100vw, 400px\" \/><\/a><\/p>\n<p><a href=\"http:\/\/hebe.hr\/\" target=\"_blank\" rel=\"noopener\"><img loading=\"lazy\" decoding=\"async\" class=\"aligncenter wp-image-426\" title=\"HEBE\" src=\"http:\/\/hdir-5.hdir.hr\/wp-content\/uploads\/2012\/02\/Hebe-Logo-300x88.jpg\" alt=\"\" width=\"401\" height=\"118\" srcset=\"https:\/\/hdir-5.hdir.hr\/wp-content\/uploads\/2012\/02\/Hebe-Logo-300x88.jpg 300w, https:\/\/hdir-5.hdir.hr\/wp-content\/uploads\/2012\/02\/Hebe-Logo.jpg 737w\" sizes=\"auto, (max-width: 401px) 100vw, 401px\" \/><\/a><a href=\"http:\/\/inel-mt.hr\/\" target=\"_blank\" rel=\"noopener\"><img loading=\"lazy\" decoding=\"async\" class=\"aligncenter wp-image-807\" title=\"INEL \u2013 medicinska tehnika\" src=\"http:\/\/hdir-5.hdir.hr\/wp-content\/uploads\/2018\/10\/inel-logo19-odabrani-CMYK-274x300.gif\" alt=\"\" width=\"200\" height=\"219\" srcset=\"https:\/\/hdir-5.hdir.hr\/wp-content\/uploads\/2018\/10\/inel-logo19-odabrani-CMYK-274x300.gif 274w, https:\/\/hdir-5.hdir.hr\/wp-content\/uploads\/2018\/10\/inel-logo19-odabrani-CMYK-768x842.gif 768w, https:\/\/hdir-5.hdir.hr\/wp-content\/uploads\/2018\/10\/inel-logo19-odabrani-CMYK-934x1024.gif 934w\" sizes=\"auto, (max-width: 200px) 100vw, 200px\" \/><\/a><a href=\"http:\/\/kemomed.hr\" target=\"_blank\" rel=\"noopener\"><img loading=\"lazy\" decoding=\"async\" class=\"aligncenter wp-image-563\" title=\"Kemomed\" src=\"http:\/\/hdir-5.hdir.hr\/wp-content\/uploads\/2016\/04\/logotip_kemomed.jpg\" width=\"400\" height=\"120\" srcset=\"https:\/\/hdir-5.hdir.hr\/wp-content\/uploads\/2016\/04\/logotip_kemomed.jpg 1220w, https:\/\/hdir-5.hdir.hr\/wp-content\/uploads\/2016\/04\/logotip_kemomed-300x90.jpg 300w, https:\/\/hdir-5.hdir.hr\/wp-content\/uploads\/2016\/04\/logotip_kemomed-768x231.jpg 768w, https:\/\/hdir-5.hdir.hr\/wp-content\/uploads\/2016\/04\/logotip_kemomed-1024x308.jpg 1024w\" sizes=\"auto, (max-width: 400px) 100vw, 400px\" \/><\/a><a href=\"http:\/\/www.kefo.hr\/\"><img loading=\"lazy\" decoding=\"async\" class=\"aligncenter wp-image-599\" title=\"KEFO\" src=\"http:\/\/hdir-5.hdir.hr\/wp-content\/uploads\/2016\/04\/Kefo-300x120.jpg\" alt=\"\" width=\"400\" height=\"160\" srcset=\"https:\/\/hdir-5.hdir.hr\/wp-content\/uploads\/2016\/04\/Kefo-300x120.jpg 300w, https:\/\/hdir-5.hdir.hr\/wp-content\/uploads\/2016\/04\/Kefo-768x306.jpg 768w, https:\/\/hdir-5.hdir.hr\/wp-content\/uploads\/2016\/04\/Kefo-1024x409.jpg 1024w\" sizes=\"auto, (max-width: 400px) 100vw, 400px\" \/><\/a><a href=\"http:\/\/www.medic.hr\/\" target=\"_blank\" rel=\"noopener\"><img loading=\"lazy\" decoding=\"async\" class=\"aligncenter wp-image-748\" title=\"Labena\" src=\"http:\/\/hdir-5.hdir.hr\/wp-content\/uploads\/2018\/09\/Labena-300x89.png\" alt=\"\" width=\"400\" height=\"118\" srcset=\"https:\/\/hdir-5.hdir.hr\/wp-content\/uploads\/2018\/09\/Labena-300x89.png 300w, https:\/\/hdir-5.hdir.hr\/wp-content\/uploads\/2018\/09\/Labena.png 412w\" sizes=\"auto, (max-width: 400px) 100vw, 400px\" \/><img loading=\"lazy\" decoding=\"async\" class=\"aligncenter wp-image-773\" title=\"MEDIC\" src=\"http:\/\/hdir-5.hdir.hr\/wp-content\/uploads\/2018\/09\/footer-logo.png\" alt=\"\" width=\"400\" height=\"106\" \/><\/a><a href=\"http:\/\/www.vitalab.hr\/\" target=\"_blank\" rel=\"noopener\"><img loading=\"lazy\" decoding=\"async\" class=\"aligncenter wp-image-636\" title=\"Vita Lab Nova\" src=\"http:\/\/hdir-5.hdir.hr\/wp-content\/uploads\/2016\/08\/VLN_logo.jpg\" alt=\"\" width=\"401\" height=\"229\" srcset=\"https:\/\/hdir-5.hdir.hr\/wp-content\/uploads\/2016\/08\/VLN_logo.jpg 1200w, https:\/\/hdir-5.hdir.hr\/wp-content\/uploads\/2016\/08\/VLN_logo-300x172.jpg 300w, https:\/\/hdir-5.hdir.hr\/wp-content\/uploads\/2016\/08\/VLN_logo-768x439.jpg 768w, https:\/\/hdir-5.hdir.hr\/wp-content\/uploads\/2016\/08\/VLN_logo-1024x585.jpg 1024w\" sizes=\"auto, (max-width: 401px) 100vw, 401px\" \/><\/a><a href=\"https:\/\/si.vwr.com\/store\/\" target=\"_blank\" rel=\"noopener\"><img loading=\"lazy\" decoding=\"async\" class=\"aligncenter wp-image-624\" title=\"VWR International, LLC Logo. (PRNewsFoto\/VWR International, LLC)\" src=\"http:\/\/hdir-5.hdir.hr\/wp-content\/uploads\/2016\/06\/VWR-Logo-1-11-16-300x82.jpeg\" alt=\"\" width=\"400\" height=\"109\" srcset=\"https:\/\/hdir-5.hdir.hr\/wp-content\/uploads\/2016\/06\/VWR-Logo-1-11-16-300x82.jpeg 300w, https:\/\/hdir-5.hdir.hr\/wp-content\/uploads\/2016\/06\/VWR-Logo-1-11-16-768x209.jpeg 768w, https:\/\/hdir-5.hdir.hr\/wp-content\/uploads\/2016\/06\/VWR-Logo-1-11-16-1024x279.jpeg 1024w\" sizes=\"auto, (max-width: 400px) 100vw, 400px\" \/><\/a><\/p>\n<h3>Media partners:<\/h3>\n<p><a href=\"https:\/\/www.irb.hr\/eng\" target=\"_blank\" rel=\"noopener\"><img loading=\"lazy\" decoding=\"async\" class=\"aligncenter wp-image-254\" title=\"Ru\u0111er Bo\u0161kovi\u0107 Institute\" src=\"http:\/\/hdir-5.hdir.hr\/wp-content\/uploads\/2012\/07\/IRB-logo-300x208.jpg\" alt=\"\" width=\"200\" height=\"139\" srcset=\"https:\/\/hdir-5.hdir.hr\/wp-content\/uploads\/2012\/07\/IRB-logo-300x208.jpg 300w, https:\/\/hdir-5.hdir.hr\/wp-content\/uploads\/2012\/07\/IRB-logo.jpg 356w\" sizes=\"auto, (max-width: 200px) 100vw, 200px\" \/><\/a><a href=\"http:\/\/www.infozagreb.hr\/?lang=en\" target=\"_blank\" rel=\"noopener\"><img loading=\"lazy\" decoding=\"async\" class=\"aligncenter wp-image-797\" title=\"Medix\" src=\"http:\/\/hdir-5.hdir.hr\/wp-content\/uploads\/2018\/09\/Medix_Logo_bez-20-god-ve\u0107i-300x78.jpg\" alt=\"\" width=\"400\" height=\"104\" srcset=\"https:\/\/hdir-5.hdir.hr\/wp-content\/uploads\/2018\/09\/Medix_Logo_bez-20-god-ve\u0107i-300x78.jpg 300w, https:\/\/hdir-5.hdir.hr\/wp-content\/uploads\/2018\/09\/Medix_Logo_bez-20-god-ve\u0107i-768x200.jpg 768w, https:\/\/hdir-5.hdir.hr\/wp-content\/uploads\/2018\/09\/Medix_Logo_bez-20-god-ve\u0107i-1024x267.jpg 1024w\" sizes=\"auto, (max-width: 400px) 100vw, 400px\" \/><img loading=\"lazy\" decoding=\"async\" class=\"aligncenter wp-image-720\" title=\"Zagreb Tourist Board\" src=\"http:\/\/hdir-5.hdir.hr\/wp-content\/uploads\/2018\/05\/tzgz_logo_en-300x296.png\" alt=\"Zagreb Tourist Board\" width=\"200\" height=\"198\" srcset=\"https:\/\/hdir-5.hdir.hr\/wp-content\/uploads\/2018\/05\/tzgz_logo_en-300x296.png 300w, https:\/\/hdir-5.hdir.hr\/wp-content\/uploads\/2018\/05\/tzgz_logo_en-150x150.png 150w, https:\/\/hdir-5.hdir.hr\/wp-content\/uploads\/2018\/05\/tzgz_logo_en.png 500w\" sizes=\"auto, (max-width: 200px) 100vw, 200px\" \/><\/a><\/p>\n<p>&nbsp;<\/p>\n<p><!--:--><\/p>\n","protected":false},"excerpt":{"rendered":"<p>The Conference is being held under the auspices of the President of the Republic of Croatia Kolinda Grabar-Kitarovi\u0107. HDIR wishes to thank our sponsors: Media partners: &nbsp;<\/p>\n","protected":false},"author":1,"featured_media":0,"parent":0,"menu_order":8,"comment_status":"closed","ping_status":"closed","template":"","meta":{"footnotes":""},"class_list":["post-72","page","type-page","status-publish","hentry"],"_links":{"self":[{"href":"https:\/\/hdir-5.hdir.hr\/index.php?rest_route=\/wp\/v2\/pages\/72","targetHints":{"allow":["GET"]}}],"collection":[{"href":"https:\/\/hdir-5.hdir.hr\/index.php?rest_route=\/wp\/v2\/pages"}],"about":[{"href":"https:\/\/hdir-5.hdir.hr\/index.php?rest_route=\/wp\/v2\/types\/page"}],"author":[{"embeddable":true,"href":"https:\/\/hdir-5.hdir.hr\/index.php?rest_route=\/wp\/v2\/users\/1"}],"replies":[{"embeddable":true,"href":"https:\/\/hdir-5.hdir.hr\/index.php?rest_route=%2Fwp%2Fv2%2Fcomments&post=72"}],"version-history":[{"count":192,"href":"https:\/\/hdir-5.hdir.hr\/index.php?rest_route=\/wp\/v2\/pages\/72\/revisions"}],"predecessor-version":[{"id":827,"href":"https:\/\/hdir-5.hdir.hr\/index.php?rest_route=\/wp\/v2\/pages\/72\/revisions\/827"}],"wp:attachment":[{"href":"https:\/\/hdir-5.hdir.hr\/index.php?rest_route=%2Fwp%2Fv2%2Fmedia&parent=72"}],"curies":[{"name":"wp","href":"https:\/\/api.w.org\/{rel}","templated":true}]}}