{"id":11,"date":"2012-02-22T14:06:07","date_gmt":"2012-02-22T13:06:07","guid":{"rendered":"http:\/\/hdir-4.hdir.hr\/?page_id=11"},"modified":"2018-10-30T11:26:47","modified_gmt":"2018-10-30T10:26:47","slug":"organization","status":"publish","type":"page","link":"https:\/\/hdir-5.hdir.hr\/?page_id=11","title":{"rendered":"Organization"},"content":{"rendered":"<p><!--:en--><\/p>\n<h4 style=\"text-align: center;\"><a title=\"Hrvatsko dru\u0161tvo za istra\u017eivanje raka\" href=\"http:\/\/www.hdir.hr\/\" target=\"_blank\" rel=\"noopener\"><img loading=\"lazy\" decoding=\"async\" class=\"aligncenter wp-image-170\" title=\"HDIR\" src=\"http:\/\/hdir-5.hdir.hr\/wp-content\/uploads\/2012\/02\/HDIR-300x180.jpg\" alt=\"Hrvatsko dru\u0161tvo za istra\u017eivanje raka\" width=\"225\" height=\"135\" srcset=\"https:\/\/hdir-5.hdir.hr\/wp-content\/uploads\/2012\/02\/HDIR-300x180.jpg 300w, https:\/\/hdir-5.hdir.hr\/wp-content\/uploads\/2012\/02\/HDIR.jpg 316w\" sizes=\"auto, (max-width: 225px) 100vw, 225px\" \/><\/a><\/h4>\n<h3 style=\"text-align: center;\"><em>Scientific Committee<\/em><\/h3>\n<h4 style=\"text-align: center;\"><strong>Sonja Levanat<\/strong><\/h4>\n<h4 style=\"text-align: center;\"><strong>Fritz Aberger<\/strong><\/h4>\n<h4 style=\"text-align: center;\"><strong>Andreja Ambriovi\u0107 Ristov<\/strong><\/h4>\n<h4 style=\"text-align: center;\"><strong>Damir Eljuga<\/strong><\/h4>\n<h4 style=\"text-align: center;\"><strong>Maja Herak Bosnar<\/strong><\/h4>\n<h4 style=\"text-align: center;\"><strong>Rajko Ku\u0161ec<\/strong><\/h4>\n<h4 style=\"text-align: center;\"><strong>Biserka Nagy<\/strong><\/h4>\n<h4 style=\"text-align: center;\"><strong>Joseph Schlessinger<\/strong><\/h4>\n<h4 style=\"text-align: center;\"><strong>Maja Sirotkovi\u0107-Skerlev<\/strong><\/h4>\n<h4 style=\"text-align: center;\"><strong>Neda Slade<\/strong><\/h4>\n<h4 style=\"text-align: center;\"><strong>Bo\u017eena \u0160ar\u010devi\u0107<\/strong><\/h4>\n<h3 style=\"text-align: center;\"><\/h3>\n<h3 style=\"text-align: center;\"><em>Organizing Committee<\/em><\/h3>\n<h4 style=\"text-align: center;\"><strong>Sonja Levanat<\/strong><\/h4>\n<h4 style=\"text-align: center;\">Anamaria \u0110uki\u0107<\/h4>\n<h4 style=\"text-align: center;\"><strong>Nikolina Han\u017ei\u0107<\/strong><\/h4>\n<h4 style=\"text-align: center;\"><strong>An\u0111ela Horvat<\/strong><\/h4>\n<h4 style=\"text-align: center;\"><strong>Maja Jazvin\u0161\u0107ak Jembrek<\/strong><\/h4>\n<h4 style=\"text-align: center;\"><strong>Vesna Musani<\/strong><\/h4>\n<h4 style=\"text-align: center;\"><strong>Petar Ozreti\u0107<\/strong><\/h4>\n<h4 style=\"text-align: center;\"><strong>Bastien Proust<\/strong><\/h4>\n<h4 style=\"text-align: center;\"><strong>Martina Radi\u0107<\/strong><\/h4>\n<h4 style=\"text-align: center;\"><strong>Nikolina Rin\u010di\u0107<\/strong><\/h4>\n<h4 style=\"text-align: center;\"><strong>Maja Sabol<\/strong><\/h4>\n<h4 style=\"text-align: center;\"><strong>Nikolina \u0160krobot Vida\u010dek<\/strong><\/h4>\n<h4 style=\"text-align: center;\"><strong>Diana Trnski<\/strong><\/h4>\n<p><a title=\"Hotel International\" href=\"http:\/\/www.hotel-international.hr\/\"><img loading=\"lazy\" decoding=\"async\" class=\"aligncenter wp-image-350\" src=\"http:\/\/hdir-5.hdir.hr\/wp-content\/uploads\/2014\/05\/HI.gif\" alt=\"Hotel International\" width=\"264\" height=\"54\" \/><\/a><\/p>\n<p><!--:--><\/p>\n","protected":false},"excerpt":{"rendered":"<p>Scientific Committee Sonja Levanat Fritz Aberger Andreja Ambriovi\u0107 Ristov Damir Eljuga Maja Herak Bosnar Rajko Ku\u0161ec Biserka Nagy Joseph Schlessinger Maja Sirotkovi\u0107-Skerlev Neda Slade Bo\u017eena \u0160ar\u010devi\u0107 Organizing Committee Sonja Levanat Anamaria \u0110uki\u0107 Nikolina Han\u017ei\u0107 An\u0111ela Horvat Maja Jazvin\u0161\u0107ak Jembrek Vesna Musani Petar Ozreti\u0107 Bastien Proust Martina Radi\u0107 Nikolina Rin\u010di\u0107 Maja Sabol Nikolina \u0160krobot Vida\u010dek Diana [&hellip;]<\/p>\n","protected":false},"author":1,"featured_media":170,"parent":0,"menu_order":2,"comment_status":"closed","ping_status":"closed","template":"","meta":{"footnotes":""},"class_list":["post-11","page","type-page","status-publish","has-post-thumbnail","hentry"],"_links":{"self":[{"href":"https:\/\/hdir-5.hdir.hr\/index.php?rest_route=\/wp\/v2\/pages\/11","targetHints":{"allow":["GET"]}}],"collection":[{"href":"https:\/\/hdir-5.hdir.hr\/index.php?rest_route=\/wp\/v2\/pages"}],"about":[{"href":"https:\/\/hdir-5.hdir.hr\/index.php?rest_route=\/wp\/v2\/types\/page"}],"author":[{"embeddable":true,"href":"https:\/\/hdir-5.hdir.hr\/index.php?rest_route=\/wp\/v2\/users\/1"}],"replies":[{"embeddable":true,"href":"https:\/\/hdir-5.hdir.hr\/index.php?rest_route=%2Fwp%2Fv2%2Fcomments&post=11"}],"version-history":[{"count":25,"href":"https:\/\/hdir-5.hdir.hr\/index.php?rest_route=\/wp\/v2\/pages\/11\/revisions"}],"predecessor-version":[{"id":823,"href":"https:\/\/hdir-5.hdir.hr\/index.php?rest_route=\/wp\/v2\/pages\/11\/revisions\/823"}],"wp:featuredmedia":[{"embeddable":true,"href":"https:\/\/hdir-5.hdir.hr\/index.php?rest_route=\/wp\/v2\/media\/170"}],"wp:attachment":[{"href":"https:\/\/hdir-5.hdir.hr\/index.php?rest_route=%2Fwp%2Fv2%2Fmedia&parent=11"}],"curies":[{"name":"wp","href":"https:\/\/api.w.org\/{rel}","templated":true}]}}